{"id":146393,"date":"2025-03-13T11:36:42","date_gmt":"2025-03-13T10:36:42","guid":{"rendered":"https:\/\/engiaux.adaptivetech.es\/avis-legal\/"},"modified":"2025-03-24T12:09:53","modified_gmt":"2025-03-24T11:09:53","slug":"aviso-legal","status":"publish","type":"page","link":"https:\/\/engiaux.com\/es\/aviso-legal\/","title":{"rendered":"Aviso Legal"},"content":{"rendered":"<h2>Datos del titular<\/h2>\n<p> <strong>Titular:<\/strong> ENGIAUX RENOVABLES <strong>NIF:<\/strong> B63609374<br \/>\n<strong>Domicilio:<\/strong> C. Sant Just, 9 \u2013 3\u00ba 7\u00aa, 08500 Vic (Barcelona)<\/p>\n<p><strong>Correo electr\u00f3nico:<\/strong> <a href=\"mailto:engiaux@engiaux.com\">engiaux@engiaux.com<\/a><\/p>\n<p><strong>Sitio web:<\/strong> <a href=\"https:\/\/engiauxrenovables.com\" target=\"_blank\" rel=\"noopener\">https:\/\/engiauxrenovables.com<\/a><\/p>\n<h2>Condiciones de uso<\/h2>\n<p> El acceso y uso del sitio web atribuyen la condici\u00f3n de usuario, aceptando desde dicho acceso y uso las presentes condiciones de uso. El usuario se compromete a hacer un uso adecuado de los contenidos y servicios que ENGIAUX RENOVABLES ofrece a trav\u00e9s de su p\u00e1gina web y a no emplearlos para actividades il\u00edcitas o contrarias a la buena fe y al orden p\u00fablico. <\/p>\n<h2>Protecci\u00f3n de datos<\/h2>\n<p> ENGIAUX RENOVABLES cumple con la normativa vigente en materia de protecci\u00f3n de datos personales y garantiza el cumplimiento \u00edntegro de las obligaciones dispuestas en el Reglamento General de Protecci\u00f3n de Datos (RGPD) y en la Ley Org\u00e1nica de Protecci\u00f3n de Datos y Garant\u00eda de los Derechos Digitales (LOPDGDD). <\/p>\n<h2>Propiedad intelectual e industrial<\/h2>\n<p> Todos los contenidos del sitio web (textos, im\u00e1genes, gr\u00e1ficos, logotipos, iconos, software) son propiedad de ENGIAUX RENOVABLES o, en su caso, dispone de licencia para su uso, y est\u00e1n protegidos por la legislaci\u00f3n sobre propiedad intelectual e industrial. <\/p>\n<h2>Legislaci\u00f3n aplicable<\/h2>\n<p> Para la resoluci\u00f3n de todas las controversias o cuestiones relacionadas con este sitio web o con las actividades en \u00e9l desarrolladas, ser\u00e1 de aplicaci\u00f3n la legislaci\u00f3n espa\u00f1ola.<\/p>\n","protected":false},"excerpt":{"rendered":"<p>Datos del titular Titular: ENGIAUX RENOVABLES NIF: B63609374 Domicilio: C. Sant Just, 9 \u2013 3\u00ba 7\u00aa, 08500 Vic (Barcelona) Correo [&hellip;]<\/p>\n","protected":false},"author":1,"featured_media":0,"parent":0,"menu_order":0,"comment_status":"closed","ping_status":"open","template":"","meta":{"footnotes":""},"class_list":["post-146393","page","type-page","status-publish","hentry"],"yoast_head":"<!-- This site is optimized with the Yoast SEO plugin v24.4 - https:\/\/yoast.com\/wordpress\/plugins\/seo\/ -->\n<title>Aviso Legal - Engiaux Renovables<\/title>\n<meta name=\"robots\" content=\"noindex, follow, max-snippet:-1, max-image-preview:large, max-video-preview:-1\" \/>\n<meta property=\"og:locale\" content=\"es_ES\" \/>\n<meta property=\"og:type\" content=\"article\" \/>\n<meta property=\"og:title\" content=\"Aviso Legal - Engiaux Renovables\" \/>\n<meta property=\"og:description\" content=\"Datos del titular Titular: ENGIAUX RENOVABLES NIF: B63609374 Domicilio: C. Sant Just, 9 \u2013 3\u00ba 7\u00aa, 08500 Vic (Barcelona) Correo [&hellip;]\" \/>\n<meta property=\"og:url\" content=\"https:\/\/engiaux.com\/es\/aviso-legal\/\" \/>\n<meta property=\"og:site_name\" content=\"Engiaux Renovables\" \/>\n<meta property=\"article:modified_time\" content=\"2025-03-24T11:09:53+00:00\" \/>\n<meta name=\"twitter:card\" content=\"summary_large_image\" \/>\n<meta name=\"twitter:label1\" content=\"Tiempo de lectura\" \/>\n\t<meta name=\"twitter:data1\" content=\"2 minutos\" \/>\n<script type=\"application\/ld+json\" class=\"yoast-schema-graph\">{\"@context\":\"https:\/\/schema.org\",\"@graph\":[{\"@type\":\"WebPage\",\"@id\":\"https:\/\/engiaux.com\/es\/aviso-legal\/\",\"url\":\"https:\/\/engiaux.com\/es\/aviso-legal\/\",\"name\":\"Aviso Legal - Engiaux Renovables\",\"isPartOf\":{\"@id\":\"https:\/\/engiaux.com\/es\/#website\"},\"datePublished\":\"2025-03-13T10:36:42+00:00\",\"dateModified\":\"2025-03-24T11:09:53+00:00\",\"breadcrumb\":{\"@id\":\"https:\/\/engiaux.com\/es\/aviso-legal\/#breadcrumb\"},\"inLanguage\":\"es\",\"potentialAction\":[{\"@type\":\"ReadAction\",\"target\":[\"https:\/\/engiaux.com\/es\/aviso-legal\/\"]}]},{\"@type\":\"BreadcrumbList\",\"@id\":\"https:\/\/engiaux.com\/es\/aviso-legal\/#breadcrumb\",\"itemListElement\":[{\"@type\":\"ListItem\",\"position\":1,\"name\":\"Portada\",\"item\":\"https:\/\/engiaux.com\/es\/\"},{\"@type\":\"ListItem\",\"position\":2,\"name\":\"Aviso Legal\"}]},{\"@type\":\"WebSite\",\"@id\":\"https:\/\/engiaux.com\/es\/#website\",\"url\":\"https:\/\/engiaux.com\/es\/\",\"name\":\"Engiaux Renovables\",\"description\":\"\",\"publisher\":{\"@id\":\"https:\/\/engiaux.com\/es\/#organization\"},\"potentialAction\":[{\"@type\":\"SearchAction\",\"target\":{\"@type\":\"EntryPoint\",\"urlTemplate\":\"https:\/\/engiaux.com\/es\/?s={search_term_string}\"},\"query-input\":{\"@type\":\"PropertyValueSpecification\",\"valueRequired\":true,\"valueName\":\"search_term_string\"}}],\"inLanguage\":\"es\"},{\"@type\":\"Organization\",\"@id\":\"https:\/\/engiaux.com\/es\/#organization\",\"name\":\"Engiaux Renovables\",\"url\":\"https:\/\/engiaux.com\/es\/\",\"logo\":{\"@type\":\"ImageObject\",\"inLanguage\":\"es\",\"@id\":\"https:\/\/engiaux.com\/es\/#\/schema\/logo\/image\/\",\"url\":\"https:\/\/engiaux.com\/wp-content\/uploads\/2025\/02\/cropped-engiaux-renovables-logo.png\",\"contentUrl\":\"https:\/\/engiaux.com\/wp-content\/uploads\/2025\/02\/cropped-engiaux-renovables-logo.png\",\"width\":300,\"height\":100,\"caption\":\"Engiaux Renovables\"},\"image\":{\"@id\":\"https:\/\/engiaux.com\/es\/#\/schema\/logo\/image\/\"}}]}<\/script>\n<!-- \/ Yoast SEO plugin. -->","yoast_head_json":{"title":"Aviso Legal - Engiaux Renovables","robots":{"index":"noindex","follow":"follow","max-snippet":"max-snippet:-1","max-image-preview":"max-image-preview:large","max-video-preview":"max-video-preview:-1"},"og_locale":"es_ES","og_type":"article","og_title":"Aviso Legal - Engiaux Renovables","og_description":"Datos del titular Titular: ENGIAUX RENOVABLES NIF: B63609374 Domicilio: C. Sant Just, 9 \u2013 3\u00ba 7\u00aa, 08500 Vic (Barcelona) Correo [&hellip;]","og_url":"https:\/\/engiaux.com\/es\/aviso-legal\/","og_site_name":"Engiaux Renovables","article_modified_time":"2025-03-24T11:09:53+00:00","twitter_card":"summary_large_image","twitter_misc":{"Tiempo de lectura":"2 minutos"},"schema":{"@context":"https:\/\/schema.org","@graph":[{"@type":"WebPage","@id":"https:\/\/engiaux.com\/es\/aviso-legal\/","url":"https:\/\/engiaux.com\/es\/aviso-legal\/","name":"Aviso Legal - Engiaux Renovables","isPartOf":{"@id":"https:\/\/engiaux.com\/es\/#website"},"datePublished":"2025-03-13T10:36:42+00:00","dateModified":"2025-03-24T11:09:53+00:00","breadcrumb":{"@id":"https:\/\/engiaux.com\/es\/aviso-legal\/#breadcrumb"},"inLanguage":"es","potentialAction":[{"@type":"ReadAction","target":["https:\/\/engiaux.com\/es\/aviso-legal\/"]}]},{"@type":"BreadcrumbList","@id":"https:\/\/engiaux.com\/es\/aviso-legal\/#breadcrumb","itemListElement":[{"@type":"ListItem","position":1,"name":"Portada","item":"https:\/\/engiaux.com\/es\/"},{"@type":"ListItem","position":2,"name":"Aviso Legal"}]},{"@type":"WebSite","@id":"https:\/\/engiaux.com\/es\/#website","url":"https:\/\/engiaux.com\/es\/","name":"Engiaux Renovables","description":"","publisher":{"@id":"https:\/\/engiaux.com\/es\/#organization"},"potentialAction":[{"@type":"SearchAction","target":{"@type":"EntryPoint","urlTemplate":"https:\/\/engiaux.com\/es\/?s={search_term_string}"},"query-input":{"@type":"PropertyValueSpecification","valueRequired":true,"valueName":"search_term_string"}}],"inLanguage":"es"},{"@type":"Organization","@id":"https:\/\/engiaux.com\/es\/#organization","name":"Engiaux Renovables","url":"https:\/\/engiaux.com\/es\/","logo":{"@type":"ImageObject","inLanguage":"es","@id":"https:\/\/engiaux.com\/es\/#\/schema\/logo\/image\/","url":"https:\/\/engiaux.com\/wp-content\/uploads\/2025\/02\/cropped-engiaux-renovables-logo.png","contentUrl":"https:\/\/engiaux.com\/wp-content\/uploads\/2025\/02\/cropped-engiaux-renovables-logo.png","width":300,"height":100,"caption":"Engiaux Renovables"},"image":{"@id":"https:\/\/engiaux.com\/es\/#\/schema\/logo\/image\/"}}]}},"_links":{"self":[{"href":"https:\/\/engiaux.com\/es\/wp-json\/wp\/v2\/pages\/146393","targetHints":{"allow":["GET"]}}],"collection":[{"href":"https:\/\/engiaux.com\/es\/wp-json\/wp\/v2\/pages"}],"about":[{"href":"https:\/\/engiaux.com\/es\/wp-json\/wp\/v2\/types\/page"}],"author":[{"embeddable":true,"href":"https:\/\/engiaux.com\/es\/wp-json\/wp\/v2\/users\/1"}],"replies":[{"embeddable":true,"href":"https:\/\/engiaux.com\/es\/wp-json\/wp\/v2\/comments?post=146393"}],"version-history":[{"count":2,"href":"https:\/\/engiaux.com\/es\/wp-json\/wp\/v2\/pages\/146393\/revisions"}],"predecessor-version":[{"id":146395,"href":"https:\/\/engiaux.com\/es\/wp-json\/wp\/v2\/pages\/146393\/revisions\/146395"}],"wp:attachment":[{"href":"https:\/\/engiaux.com\/es\/wp-json\/wp\/v2\/media?parent=146393"}],"curies":[{"name":"wp","href":"https:\/\/api.w.org\/{rel}","templated":true}]}}