{"id":146417,"date":"2021-03-18T14:14:53","date_gmt":"2021-03-18T13:14:53","guid":{"rendered":"https:\/\/engiaux.adaptivetech.es\/serveis-engiaux\/"},"modified":"2025-10-28T18:40:43","modified_gmt":"2025-10-28T17:40:43","slug":"servicios-engiaux","status":"publish","type":"page","link":"https:\/\/engiaux.com\/es\/servicios-engiaux\/","title":{"rendered":"Servicios Engiaux"},"content":{"rendered":"<div class=\"wpb-content-wrapper\"><p>[vc_row unlock_row_content=\u00bbyes\u00bb row_height_percent=\u00bb0&#8243; override_padding=\u00bbyes\u00bb h_padding=\u00bb5&#8243; top_padding=\u00bb5&#8243; bottom_padding=\u00bb2&#8243; back_color=\u00bbcolor-xsdn\u00bb overlay_alpha=\u00bb50&#8243; gutter_size=\u00bb4&#8243; column_width_percent=\u00bb100&#8243; shift_y=\u00bb0&#8243; z_index=\u00bb0&#8243; top_divider=\u00bbgradient\u00bb bottom_divider=\u00bbgradient\u00bb inverted_device_order=\u00bbyes\u00bb changer_back_color=\u00bbyes\u00bb content_parallax=\u00bb0&#8243; uncode_shortcode_id=\u00bb141813&#8243; back_color_type=\u00bbuncode-palette\u00bb][vc_column column_width_percent=\u00bb100&#8243; position_vertical=\u00bbmiddle\u00bb gutter_size=\u00bb3&#8243; override_padding=\u00bbyes\u00bb column_padding=\u00bb3&#8243; overlay_alpha=\u00bb50&#8243; shift_x=\u00bb0&#8243; shift_y=\u00bb0&#8243; shift_y_down=\u00bb0&#8243; z_index=\u00bb0&#8243; medium_width=\u00bb0&#8243; mobile_width=\u00bb0&#8243; width=\u00bb1\/1&#8243; uncode_shortcode_id=\u00bb103200&#8243;][vc_custom_heading text_color=\u00bbcolor-wayh\u00bb heading_semantic=\u00bbh1&#8243; text_font=\u00bbfont-955596&#8243; text_size=\u00bbfontsize-739966&#8243; text_weight=\u00bb700&#8243; text_stroke=\u00bbyes\u00bb css_animation=\u00bbperspective\u00bb animation_speed=\u00bb1400&#8243; animation_delay=\u00bb400&#8243; interval_animation=\u00bb20&#8243; uncode_shortcode_id=\u00bb951316&#8243; text_color_type=\u00bbuncode-palette\u00bb]Energ\u00eda Renovable:<br \/>\nParticulares y empresas[\/vc_custom_heading][\/vc_column][\/vc_row][vc_row unlock_row_content=\u00bbyes\u00bb row_height_percent=\u00bb0&#8243; override_padding=\u00bbyes\u00bb h_padding=\u00bb7&#8243; top_padding=\u00bb3&#8243; bottom_padding=\u00bb5&#8243; overlay_alpha=\u00bb50&#8243; gutter_size=\u00bb3&#8243; column_width_percent=\u00bb100&#8243; shift_y=\u00bb0&#8243; z_index=\u00bb0&#8243; content_parallax=\u00bb0&#8243; uncode_shortcode_id=\u00bb774859&#8243; el_id=\u00bbsoluciones-empresas\u00bb][vc_column column_width_percent=\u00bb100&#8243; gutter_size=\u00bb4&#8243; overlay_alpha=\u00bb50&#8243; shift_x=\u00bb0&#8243; shift_y=\u00bb0&#8243; shift_y_down=\u00bb0&#8243; z_index=\u00bb0&#8243; medium_width=\u00bb0&#8243; mobile_width=\u00bb0&#8243; width=\u00bb1\/1&#8243; uncode_shortcode_id=\u00bb730276&#8243;][vc_row_inner row_inner_height_percent=\u00bb0&#8243; overlay_alpha=\u00bb50&#8243; gutter_size=\u00bb5&#8243; shift_y=\u00bb0&#8243; z_index=\u00bb0&#8243; limit_content=\u00bb\u00bb uncode_shortcode_id=\u00bb195968&#8243;][vc_column_inner column_width_percent=\u00bb100&#8243; gutter_size=\u00bb5&#8243; overlay_alpha=\u00bb50&#8243; shift_x=\u00bb0&#8243; shift_y=\u00bb0&#8243; shift_y_down=\u00bb0&#8243; z_index=\u00bb0&#8243; medium_visibility=\u00bbyes\u00bb medium_width=\u00bb0&#8243; mobile_width=\u00bb0&#8243; width=\u00bb1\/2&#8243; uncode_shortcode_id=\u00bb188320&#8243;][vc_single_image media=\u00bb145667&#8243; media_width_percent=\u00bb100&#8243; media_ratio=\u00bbone-one\u00bb shape=\u00bbimg-round\u00bb radius=\u00bblg\u00bb advanced=\u00bbyes\u00bb media_overlay_opacity=\u00bb50&#8243; media_overlay_anim=\u00bbno\u00bb media_text_anim=\u00bbno\u00bb media_image_anim=\u00bbscroll\u00bb media_image_scroll=\u00bbzoom\u00bb media_image_scroll_val=\u00bb5&#8243; media_padding=\u00bb2&#8243; uncode_shortcode_id=\u00bb102166&#8243;][\/vc_column_inner][vc_column_inner column_width_percent=\u00bb100&#8243; position_vertical=\u00bbmiddle\u00bb gutter_size=\u00bb3&#8243; overlay_alpha=\u00bb50&#8243; shift_x=\u00bb0&#8243; shift_y=\u00bb0&#8243; shift_y_down=\u00bb0&#8243; z_index=\u00bb0&#8243; medium_width=\u00bb0&#8243; mobile_width=\u00bb0&#8243; width=\u00bb1\/2&#8243; uncode_shortcode_id=\u00bb136092&#8243;][vc_custom_heading heading_semantic=\u00bbh3&#8243; text_font=\u00bbfont-377884&#8243; text_size=\u00bbcustom\u00bb text_weight=\u00bb300&#8243; uncode_shortcode_id=\u00bb192772&#8243; heading_custom_size=\u00bbclamp(30px, 4vw, 50px)\u00bb]Soluciones para empresas[\/vc_custom_heading][vc_custom_heading heading_semantic=\u00bbh6&#8243; text_size=\u00bbcustom\u00bb text_weight=\u00bb300&#8243; text_height=\u00bbfontheight-357766&#8243; text_space=\u00bbfontspace-111509&#8243; css_animation=\u00bbtext-reveal\u00bb text_reveal_opacity=\u00bb10&#8243; text_reveal_speed=\u00bb20&#8243; text_reveal_top=\u00bb65&#8243; uncode_shortcode_id=\u00bb100450&#8243; heading_custom_size=\u00bbclamp(24px,5vw,35px)\u00bb]La transici\u00f3n hacia un modelo energ\u00e9tico m\u00e1s eficiente y sostenible es clave para las empresas que quieren reducir costos, mejorar su competitividad y reforzar su compromiso con el medio ambiente.<\/p>\n<p>&nbsp;<\/p>\n<p>En Engiaux, dise\u00f1amos e implementamos sistemas de energ\u00eda renovable adaptados a las necesidades de cada sector, ofreciendo soluciones innovadoras y eficientes.[\/vc_custom_heading][vc_empty_space empty_h=\u00bb2&#8243; mobile_visibility=\u00bbyes\u00bb][vc_button size=\u00bbbtn-lg\u00bb radius=\u00bbbtn-circle\u00bb outline=\u00bbyes\u00bb custom_typo=\u00bbyes\u00bb font_family=\u00bbfont-846016&#8243; font_weight=\u00bb500&#8243; letter_spacing=\u00bbfontspace-781688&#8243; border_width=\u00bb0&#8243; icon_position=\u00bbright\u00bb scale_mobile=\u00bbno\u00bb uncode_shortcode_id=\u00bb153373&#8243; icon=\u00bbfa fa-arrow-right2&#8243; link=\u00bburl:%2Fes%2Fcontacto-engiaux%2F\u00bb]Cont\u00e1ctanos[\/vc_button][\/vc_column_inner][\/vc_row_inner][\/vc_column][\/vc_row][vc_row unlock_row_content=\u00bbyes\u00bb row_height_percent=\u00bb0&#8243; override_padding=\u00bbyes\u00bb h_padding=\u00bb7&#8243; top_padding=\u00bb3&#8243; bottom_padding=\u00bb5&#8243; overlay_alpha=\u00bb50&#8243; gutter_size=\u00bb3&#8243; column_width_percent=\u00bb100&#8243; shift_y=\u00bb0&#8243; z_index=\u00bb0&#8243; content_parallax=\u00bb0&#8243; uncode_shortcode_id=\u00bb168140&#8243; el_id=\u00bbsoluciones-particulares\u00bb][vc_column column_width_percent=\u00bb100&#8243; gutter_size=\u00bb4&#8243; overlay_alpha=\u00bb50&#8243; shift_x=\u00bb0&#8243; shift_y=\u00bb0&#8243; shift_y_down=\u00bb0&#8243; z_index=\u00bb0&#8243; medium_width=\u00bb0&#8243; mobile_width=\u00bb0&#8243; width=\u00bb1\/1&#8243; uncode_shortcode_id=\u00bb730276&#8243;][vc_row_inner row_inner_height_percent=\u00bb0&#8243; overlay_alpha=\u00bb50&#8243; gutter_size=\u00bb5&#8243; shift_y=\u00bb0&#8243; z_index=\u00bb0&#8243; limit_content=\u00bb\u00bb uncode_shortcode_id=\u00bb195968&#8243;][vc_column_inner column_width_percent=\u00bb100&#8243; position_vertical=\u00bbmiddle\u00bb gutter_size=\u00bb3&#8243; overlay_alpha=\u00bb50&#8243; shift_x=\u00bb0&#8243; shift_y=\u00bb0&#8243; shift_y_down=\u00bb0&#8243; z_index=\u00bb0&#8243; medium_width=\u00bb0&#8243; mobile_width=\u00bb0&#8243; width=\u00bb1\/2&#8243; uncode_shortcode_id=\u00bb112815&#8243;][vc_custom_heading heading_semantic=\u00bbh3&#8243; text_font=\u00bbfont-377884&#8243; text_size=\u00bbcustom\u00bb text_weight=\u00bb300&#8243; uncode_shortcode_id=\u00bb165270&#8243; heading_custom_size=\u00bbclamp(30px, 4vw, 50px)\u00bb]Soluciones para Particulares[\/vc_custom_heading][vc_custom_heading heading_semantic=\u00bbh6&#8243; text_size=\u00bbcustom\u00bb text_weight=\u00bb300&#8243; text_height=\u00bbfontheight-357766&#8243; text_space=\u00bbfontspace-111509&#8243; css_animation=\u00bbtext-reveal\u00bb text_reveal_opacity=\u00bb10&#8243; text_reveal_speed=\u00bb20&#8243; text_reveal_top=\u00bb65&#8243; uncode_shortcode_id=\u00bb939864&#8243; heading_custom_size=\u00bbclamp(24px,5vw,35px)\u00bb]Convierte tu casa en un hogar eficiente, autosuficiente y comprometido con el medio ambiente a trav\u00e9s de sistemas de energ\u00eda renovable adaptados a tu d\u00eda a d\u00eda, para que puedas ahorrar en la factura de la luz.<\/p>\n<p>&nbsp;<\/p>\n<p>Con soluciones eficientes y personalizadas, podr\u00e1s disfrutar de energ\u00eda limpia, reducir tu dependencia de las grandes el\u00e9ctricas y contribuir activamente al bienestar del planeta.[\/vc_custom_heading][vc_empty_space empty_h=\u00bb2&#8243; mobile_visibility=\u00bbyes\u00bb][vc_button size=\u00bbbtn-lg\u00bb radius=\u00bbbtn-circle\u00bb outline=\u00bbyes\u00bb custom_typo=\u00bbyes\u00bb font_family=\u00bbfont-846016&#8243; font_weight=\u00bb500&#8243; letter_spacing=\u00bbfontspace-781688&#8243; border_width=\u00bb0&#8243; icon_position=\u00bbright\u00bb scale_mobile=\u00bbno\u00bb uncode_shortcode_id=\u00bb153558&#8243; icon=\u00bbfa fa-arrow-right2&#8243; link=\u00bburl:%2Fes%2Fcontacto-engiaux%2F\u00bb]Cont\u00e1ctanos[\/vc_button][\/vc_column_inner][vc_column_inner column_width_percent=\u00bb100&#8243; gutter_size=\u00bb5&#8243; overlay_alpha=\u00bb50&#8243; shift_x=\u00bb0&#8243; shift_y=\u00bb0&#8243; shift_y_down=\u00bb0&#8243; z_index=\u00bb0&#8243; medium_visibility=\u00bbyes\u00bb medium_width=\u00bb0&#8243; mobile_width=\u00bb0&#8243; width=\u00bb1\/2&#8243; uncode_shortcode_id=\u00bb188320&#8243;][vc_single_image media=\u00bb145409&#8243; media_width_percent=\u00bb100&#8243; media_ratio=\u00bbone-one\u00bb shape=\u00bbimg-round\u00bb radius=\u00bblg\u00bb advanced=\u00bbyes\u00bb media_overlay_opacity=\u00bb50&#8243; media_overlay_anim=\u00bbno\u00bb media_text_anim=\u00bbno\u00bb media_image_anim=\u00bbscroll\u00bb media_image_scroll=\u00bbzoom\u00bb media_image_scroll_val=\u00bb5&#8243; media_padding=\u00bb2&#8243; uncode_shortcode_id=\u00bb121181&#8243;][\/vc_column_inner][\/vc_row_inner][\/vc_column][\/vc_row][vc_row row_height_percent=\u00bb0&#8243; override_padding=\u00bbyes\u00bb h_padding=\u00bb2&#8243; top_padding=\u00bb2&#8243; bottom_padding=\u00bb5&#8243; back_color=\u00bbcolor-xsdn\u00bb overlay_alpha=\u00bb100&#8243; equal_height=\u00bbyes\u00bb gutter_size=\u00bb4&#8243; column_width_percent=\u00bb100&#8243; shift_y=\u00bb0&#8243; z_index=\u00bb0&#8243; content_parallax=\u00bb0&#8243; uncode_shortcode_id=\u00bb499742&#8243; back_color_type=\u00bbuncode-palette\u00bb][vc_column column_width_percent=\u00bb100&#8243; position_horizontal=\u00bbleft\u00bb position_vertical=\u00bbmiddle\u00bb gutter_size=\u00bb2&#8243; override_padding=\u00bbyes\u00bb column_padding=\u00bb3&#8243; font_family=\u00bbfont-846016&#8243; back_color=\u00bbcolor-xsdn\u00bb overlay_alpha=\u00bb50&#8243; radius=\u00bbhg\u00bb shadow=\u00bbsm\u00bb shift_x=\u00bb0&#8243; shift_y=\u00bb0&#8243; shift_y_down=\u00bb0&#8243; z_index=\u00bb2&#8243; medium_width=\u00bb0&#8243; mobile_width=\u00bb0&#8243; width=\u00bb1\/2&#8243; uncode_shortcode_id=\u00bb112409&#8243; back_color_type=\u00bbuncode-palette\u00bb][vc_custom_heading text_color=\u00bbcolor-wayh\u00bb text_font=\u00bbfont-846016&#8243; text_size=\u00bbh1&#8243; uncode_shortcode_id=\u00bb129768&#8243; text_color_type=\u00bbuncode-palette\u00bb]Somos profesionales<br \/>\ncon 20 a\u00f1os de experiencia[\/vc_custom_heading][vc_column_text text_color=\u00bbcolor-wayh\u00bb uncode_shortcode_id=\u00bb639747&#8243; text_color_type=\u00bbuncode-palette\u00bb]Tanto si eres un particular como una empresa, en Engiaux tenemos la soluci\u00f3n de energ\u00eda renovable a medida para ti. Con 20 a\u00f1os de experiencia, te ofrecemos proyectos eficientes y sostenibles adaptados a tus necesidades.[\/vc_column_text][vc_empty_space][vc_button size=\u00bbbtn-lg\u00bb radius=\u00bbbtn-circle\u00bb outline=\u00bbyes\u00bb custom_typo=\u00bbyes\u00bb font_family=\u00bbfont-846016&#8243; font_weight=\u00bb500&#8243; letter_spacing=\u00bbfontspace-781688&#8243; border_width=\u00bb0&#8243; icon_position=\u00bbright\u00bb scale_mobile=\u00bbno\u00bb uncode_shortcode_id=\u00bb655127&#8243; icon=\u00bbfa fa-arrow-right2&#8243; link=\u00bburl:%2Fes%2Fproyectos-engiaux%2F|title:Contacte\u00bb]Ver proyectos[\/vc_button][\/vc_column][vc_column column_width_percent=\u00bb100&#8243; position_vertical=\u00bbmiddle\u00bb gutter_size=\u00bb3&#8243; style=\u00bbdark\u00bb overlay_alpha=\u00bb50&#8243; shift_x=\u00bb0&#8243; shift_y=\u00bb0&#8243; shift_y_down=\u00bb0&#8243; z_index=\u00bb0&#8243; medium_width=\u00bb0&#8243; mobile_width=\u00bb0&#8243; width=\u00bb1\/2&#8243;][vc_gallery el_id=\u00bbgallery-35715967889&#8243; type=\u00bbcarousel\u00bb medias=\u00bb145430,145431,145422,145409,145400,145332&#8243; carousel_lg=\u00bb1&#8243; carousel_md=\u00bb1&#8243; carousel_sm=\u00bb1&#8243; thumb_size=\u00bbthree-two\u00bb gutter_size=\u00bb4&#8243; media_items=\u00bbmedia|nolink|original,icon\u00bb carousel_interval=\u00bb5000&#8243; carousel_navspeed=\u00bb400&#8243; carousel_loop=\u00bbyes\u00bb carousel_overflow=\u00bbyes\u00bb carousel_dot_position=\u00bbleft\u00bb stage_padding=\u00bb0&#8243; single_shape=\u00bbround\u00bb radius=\u00bbxl\u00bb single_overlay_opacity=\u00bb50&#8243; single_overlay_anim=\u00bbno\u00bb single_text_anim=\u00bbno\u00bb single_image_anim=\u00bbno\u00bb single_padding=\u00bb2&#8243; single_border=\u00bbyes\u00bb uncode_shortcode_id=\u00bb142499&#8243;][\/vc_column][\/vc_row]<\/p>\n<\/div>","protected":false},"excerpt":{"rendered":"<p>[vc_row unlock_row_content=\u00bbyes\u00bb row_height_percent=\u00bb0&#8243; override_padding=\u00bbyes\u00bb h_padding=\u00bb5&#8243; top_padding=\u00bb5&#8243; bottom_padding=\u00bb2&#8243; back_color=\u00bbcolor-xsdn\u00bb overlay_alpha=\u00bb50&#8243; gutter_size=\u00bb4&#8243; column_width_percent=\u00bb100&#8243; shift_y=\u00bb0&#8243; z_index=\u00bb0&#8243; top_divider=\u00bbgradient\u00bb bottom_divider=\u00bbgradient\u00bb inverted_device_order=\u00bbyes\u00bb changer_back_color=\u00bbyes\u00bb content_parallax=\u00bb0&#8243; uncode_shortcode_id=\u00bb141813&#8243; back_color_type=\u00bbuncode-palette\u00bb][vc_column [&hellip;]<\/p>\n","protected":false},"author":1,"featured_media":0,"parent":0,"menu_order":0,"comment_status":"closed","ping_status":"closed","template":"","meta":{"footnotes":""},"class_list":["post-146417","page","type-page","status-publish","hentry"],"yoast_head":"<!-- This site is optimized with the Yoast SEO plugin v24.4 - https:\/\/yoast.com\/wordpress\/plugins\/seo\/ -->\n<title>Servicios Engiaux - Engiaux Renovables<\/title>\n<meta name=\"robots\" content=\"noindex, follow, max-snippet:-1, max-image-preview:large, max-video-preview:-1\" \/>\n<meta property=\"og:locale\" content=\"es_ES\" \/>\n<meta property=\"og:type\" content=\"article\" \/>\n<meta property=\"og:title\" content=\"Servicios Engiaux - Engiaux Renovables\" \/>\n<meta property=\"og:description\" content=\"[vc_row unlock_row_content=\u00bbyes\u00bb row_height_percent=\u00bb0&#8243; override_padding=\u00bbyes\u00bb h_padding=\u00bb5&#8243; top_padding=\u00bb5&#8243; bottom_padding=\u00bb2&#8243; back_color=\u00bbcolor-xsdn\u00bb overlay_alpha=\u00bb50&#8243; gutter_size=\u00bb4&#8243; column_width_percent=\u00bb100&#8243; shift_y=\u00bb0&#8243; z_index=\u00bb0&#8243; top_divider=\u00bbgradient\u00bb bottom_divider=\u00bbgradient\u00bb inverted_device_order=\u00bbyes\u00bb changer_back_color=\u00bbyes\u00bb content_parallax=\u00bb0&#8243; uncode_shortcode_id=\u00bb141813&#8243; back_color_type=\u00bbuncode-palette\u00bb][vc_column [&hellip;]\" \/>\n<meta property=\"og:url\" content=\"https:\/\/engiaux.com\/es\/servicios-engiaux\/\" \/>\n<meta property=\"og:site_name\" content=\"Engiaux Renovables\" \/>\n<meta property=\"article:modified_time\" content=\"2025-10-28T17:40:43+00:00\" \/>\n<meta name=\"twitter:card\" content=\"summary_large_image\" \/>\n<meta name=\"twitter:label1\" content=\"Tiempo de lectura\" \/>\n\t<meta name=\"twitter:data1\" content=\"3 minutos\" \/>\n<script type=\"application\/ld+json\" class=\"yoast-schema-graph\">{\"@context\":\"https:\/\/schema.org\",\"@graph\":[{\"@type\":\"WebPage\",\"@id\":\"https:\/\/engiaux.com\/es\/servicios-engiaux\/\",\"url\":\"https:\/\/engiaux.com\/es\/servicios-engiaux\/\",\"name\":\"Servicios Engiaux - Engiaux Renovables\",\"isPartOf\":{\"@id\":\"https:\/\/engiaux.com\/es\/#website\"},\"datePublished\":\"2021-03-18T13:14:53+00:00\",\"dateModified\":\"2025-10-28T17:40:43+00:00\",\"breadcrumb\":{\"@id\":\"https:\/\/engiaux.com\/es\/servicios-engiaux\/#breadcrumb\"},\"inLanguage\":\"es\",\"potentialAction\":[{\"@type\":\"ReadAction\",\"target\":[\"https:\/\/engiaux.com\/es\/servicios-engiaux\/\"]}]},{\"@type\":\"BreadcrumbList\",\"@id\":\"https:\/\/engiaux.com\/es\/servicios-engiaux\/#breadcrumb\",\"itemListElement\":[{\"@type\":\"ListItem\",\"position\":1,\"name\":\"Portada\",\"item\":\"https:\/\/engiaux.com\/es\/\"},{\"@type\":\"ListItem\",\"position\":2,\"name\":\"Servicios Engiaux\"}]},{\"@type\":\"WebSite\",\"@id\":\"https:\/\/engiaux.com\/es\/#website\",\"url\":\"https:\/\/engiaux.com\/es\/\",\"name\":\"Engiaux Renovables\",\"description\":\"\",\"publisher\":{\"@id\":\"https:\/\/engiaux.com\/es\/#organization\"},\"potentialAction\":[{\"@type\":\"SearchAction\",\"target\":{\"@type\":\"EntryPoint\",\"urlTemplate\":\"https:\/\/engiaux.com\/es\/?s={search_term_string}\"},\"query-input\":{\"@type\":\"PropertyValueSpecification\",\"valueRequired\":true,\"valueName\":\"search_term_string\"}}],\"inLanguage\":\"es\"},{\"@type\":\"Organization\",\"@id\":\"https:\/\/engiaux.com\/es\/#organization\",\"name\":\"Engiaux Renovables\",\"url\":\"https:\/\/engiaux.com\/es\/\",\"logo\":{\"@type\":\"ImageObject\",\"inLanguage\":\"es\",\"@id\":\"https:\/\/engiaux.com\/es\/#\/schema\/logo\/image\/\",\"url\":\"https:\/\/engiaux.com\/wp-content\/uploads\/2025\/02\/cropped-engiaux-renovables-logo.png\",\"contentUrl\":\"https:\/\/engiaux.com\/wp-content\/uploads\/2025\/02\/cropped-engiaux-renovables-logo.png\",\"width\":300,\"height\":100,\"caption\":\"Engiaux Renovables\"},\"image\":{\"@id\":\"https:\/\/engiaux.com\/es\/#\/schema\/logo\/image\/\"}}]}<\/script>\n<!-- \/ Yoast SEO plugin. -->","yoast_head_json":{"title":"Servicios Engiaux - Engiaux Renovables","robots":{"index":"noindex","follow":"follow","max-snippet":"max-snippet:-1","max-image-preview":"max-image-preview:large","max-video-preview":"max-video-preview:-1"},"og_locale":"es_ES","og_type":"article","og_title":"Servicios Engiaux - Engiaux Renovables","og_description":"[vc_row unlock_row_content=\u00bbyes\u00bb row_height_percent=\u00bb0&#8243; override_padding=\u00bbyes\u00bb h_padding=\u00bb5&#8243; top_padding=\u00bb5&#8243; bottom_padding=\u00bb2&#8243; back_color=\u00bbcolor-xsdn\u00bb overlay_alpha=\u00bb50&#8243; gutter_size=\u00bb4&#8243; column_width_percent=\u00bb100&#8243; shift_y=\u00bb0&#8243; z_index=\u00bb0&#8243; top_divider=\u00bbgradient\u00bb bottom_divider=\u00bbgradient\u00bb inverted_device_order=\u00bbyes\u00bb changer_back_color=\u00bbyes\u00bb content_parallax=\u00bb0&#8243; uncode_shortcode_id=\u00bb141813&#8243; back_color_type=\u00bbuncode-palette\u00bb][vc_column [&hellip;]","og_url":"https:\/\/engiaux.com\/es\/servicios-engiaux\/","og_site_name":"Engiaux Renovables","article_modified_time":"2025-10-28T17:40:43+00:00","twitter_card":"summary_large_image","twitter_misc":{"Tiempo de lectura":"3 minutos"},"schema":{"@context":"https:\/\/schema.org","@graph":[{"@type":"WebPage","@id":"https:\/\/engiaux.com\/es\/servicios-engiaux\/","url":"https:\/\/engiaux.com\/es\/servicios-engiaux\/","name":"Servicios Engiaux - Engiaux Renovables","isPartOf":{"@id":"https:\/\/engiaux.com\/es\/#website"},"datePublished":"2021-03-18T13:14:53+00:00","dateModified":"2025-10-28T17:40:43+00:00","breadcrumb":{"@id":"https:\/\/engiaux.com\/es\/servicios-engiaux\/#breadcrumb"},"inLanguage":"es","potentialAction":[{"@type":"ReadAction","target":["https:\/\/engiaux.com\/es\/servicios-engiaux\/"]}]},{"@type":"BreadcrumbList","@id":"https:\/\/engiaux.com\/es\/servicios-engiaux\/#breadcrumb","itemListElement":[{"@type":"ListItem","position":1,"name":"Portada","item":"https:\/\/engiaux.com\/es\/"},{"@type":"ListItem","position":2,"name":"Servicios Engiaux"}]},{"@type":"WebSite","@id":"https:\/\/engiaux.com\/es\/#website","url":"https:\/\/engiaux.com\/es\/","name":"Engiaux Renovables","description":"","publisher":{"@id":"https:\/\/engiaux.com\/es\/#organization"},"potentialAction":[{"@type":"SearchAction","target":{"@type":"EntryPoint","urlTemplate":"https:\/\/engiaux.com\/es\/?s={search_term_string}"},"query-input":{"@type":"PropertyValueSpecification","valueRequired":true,"valueName":"search_term_string"}}],"inLanguage":"es"},{"@type":"Organization","@id":"https:\/\/engiaux.com\/es\/#organization","name":"Engiaux Renovables","url":"https:\/\/engiaux.com\/es\/","logo":{"@type":"ImageObject","inLanguage":"es","@id":"https:\/\/engiaux.com\/es\/#\/schema\/logo\/image\/","url":"https:\/\/engiaux.com\/wp-content\/uploads\/2025\/02\/cropped-engiaux-renovables-logo.png","contentUrl":"https:\/\/engiaux.com\/wp-content\/uploads\/2025\/02\/cropped-engiaux-renovables-logo.png","width":300,"height":100,"caption":"Engiaux Renovables"},"image":{"@id":"https:\/\/engiaux.com\/es\/#\/schema\/logo\/image\/"}}]}},"_links":{"self":[{"href":"https:\/\/engiaux.com\/es\/wp-json\/wp\/v2\/pages\/146417","targetHints":{"allow":["GET"]}}],"collection":[{"href":"https:\/\/engiaux.com\/es\/wp-json\/wp\/v2\/pages"}],"about":[{"href":"https:\/\/engiaux.com\/es\/wp-json\/wp\/v2\/types\/page"}],"author":[{"embeddable":true,"href":"https:\/\/engiaux.com\/es\/wp-json\/wp\/v2\/users\/1"}],"replies":[{"embeddable":true,"href":"https:\/\/engiaux.com\/es\/wp-json\/wp\/v2\/comments?post=146417"}],"version-history":[{"count":8,"href":"https:\/\/engiaux.com\/es\/wp-json\/wp\/v2\/pages\/146417\/revisions"}],"predecessor-version":[{"id":156541,"href":"https:\/\/engiaux.com\/es\/wp-json\/wp\/v2\/pages\/146417\/revisions\/156541"}],"wp:attachment":[{"href":"https:\/\/engiaux.com\/es\/wp-json\/wp\/v2\/media?parent=146417"}],"curies":[{"name":"wp","href":"https:\/\/api.w.org\/{rel}","templated":true}]}}